{"id":314,"date":"2015-11-20T13:46:21","date_gmt":"2015-11-20T13:46:21","guid":{"rendered":"https:\/\/digitalpoke.co.uk\/parallax-shop\/"},"modified":"2025-09-05T09:15:36","modified_gmt":"2025-09-05T08:15:36","slug":"parallax-shop","status":"publish","type":"page","link":"https:\/\/digitalpoke.co.uk\/pt-br\/","title":{"rendered":"Home"},"content":{"rendered":"\n\n  <div class=\"banner has-hover has-parallax\" id=\"banner-628284888\">\n          <div class=\"banner-inner fill\">\n        <div class=\"banner-bg fill\" data-parallax=\"-3\" data-parallax-container=\".banner\" data-parallax-background>\n            <img loading=\"lazy\" decoding=\"async\" width=\"1000\" height=\"650\" src=\"https:\/\/digitalpoke.co.uk\/wp-content\/uploads\/2025\/05\/banner-1.jpg\" class=\"bg attachment-original size-original\" alt=\"\" \/>                        <div class=\"overlay\"><\/div>            \n                    <\/div>\n\t\t\n        <div class=\"banner-layers container\">\n            <div class=\"fill banner-link\"><\/div>            \n\n   <div id=\"text-box-304798429\" class=\"text-box banner-layer x50 md-x0 lg-x0 y50 md-y20 lg-y20 res-text\">\n                     <div data-animate=\"fadeInLeft\">           <div class=\"text-box-content text dark\">\n              \n              <div class=\"text-inner text-center\">\n                  \n\n<h3 class=\"uppercase\"><span class=\"_fadeIn_m1hgl_8\">Precisa<\/span> <span class=\"_fadeIn_m1hgl_8\">de mais<\/span> <span class=\"_fadeIn_m1hgl_8\">clientes<\/span> <span class=\"_fadeIn_m1hgl_8\">e de<\/span> <span class=\"_fadeIn_m1hgl_8\">mais<\/span> <span class=\"_fadeIn_m1hgl_8\">vendas? N\u00f3s tamb\u00e9m! <\/span><\/h3>\n<p><span class=\"_fadeIn_m1hgl_8\">Podemos ajudar a aumentar seu ROAS, elevar as vendas de seu ecommerce e trazer leads realmente de qualidade atrav\u00e9s de campanhas de marketing digital que funcionam!<\/span><\/p>\n<a href=\"https:\/\/api.whatsapp.com\/send\/?phone=447925040306&#038;text=Hi%2C+can%20we%talk%about%digital%marketing%3F&#038;type=phone_number&#038;app_absent=0\" target=\"_blank\" class=\"button white\" rel=\"noopener\"  style=\"border-radius:99px;\">\n\t\t<span>Fale conosco!<\/span>\n\t<\/a>\n\n\n\n              <\/div>\n           <\/div>\n       <\/div>                     \n<style>\n#text-box-304798429 {\n  width: 80%;\n}\n#text-box-304798429 .text-box-content {\n  font-size: 100%;\n}\n@media (min-width:550px) {\n  #text-box-304798429 {\n    width: 41%;\n  }\n}\n<\/style>\n    <\/div>\n \n\n        <\/div>\n      <\/div>\n\n            \n<style>\n#banner-628284888 {\n  padding-top: 540px;\n}\n#banner-628284888 .overlay {\n  background-color: rgba(0, 0, 0, 0.3);\n}\n#banner-628284888 .banner-bg img {\n  object-position: 35% 23%;\n}\n@media (min-width:550px) {\n  #banner-628284888 .overlay {\n    background-color: rgba(0,0,0,.5);\n  }\n}\n<\/style>\n  <\/div>\n\n\n<span class=\"scroll-to\" data-label=\"Scroll to: #services\" data-bullet=\"false\" data-link=\"#services\" data-title=\"services\" ><a name=\"services\"><\/a><\/span>\n\n\n  <div class=\"banner has-hover\" id=\"banner-1348152154\">\n          <div class=\"banner-inner fill\">\n        <div class=\"banner-bg fill\" >\n            <img loading=\"lazy\" decoding=\"async\" width=\"1000\" height=\"650\" src=\"https:\/\/digitalpoke.co.uk\/wp-content\/uploads\/2016\/08\/dummy-2.jpg\" class=\"bg attachment-large size-large\" alt=\"\" \/>                        <div class=\"overlay\"><\/div>            \n                    <\/div>\n\t\t\n        <div class=\"banner-layers container\">\n            <div class=\"fill banner-link\"><\/div>            \n\n   <div id=\"text-box-62315369\" class=\"text-box banner-layer x50 md-x50 lg-x50 y50 md-y50 lg-y50 res-text\">\n              <div data-parallax=\"2\" data-parallax-fade=\"true\">                  <div class=\"text-box-content text dark\">\n              \n              <div class=\"text-inner text-center\">\n                  \n\n<h3 class=\"uppercase\"><strong>nossos servi\u00e7os<\/strong><\/h3>\n\n              <\/div>\n           <\/div>\n              <\/div>              \n<style>\n#text-box-62315369 {\n  width: 93%;\n}\n#text-box-62315369 .text-box-content {\n  font-size: 100%;\n}\n@media (min-width:550px) {\n  #text-box-62315369 {\n    width: 60%;\n  }\n}\n<\/style>\n    <\/div>\n \n\n        <\/div>\n      <\/div>\n\n            \n<style>\n#banner-1348152154 {\n  padding-top: 75px;\n}\n#banner-1348152154 .overlay {\n  background-color: rgba(0, 0, 0, 0.63);\n}\n<\/style>\n  <\/div>\n\n\n<div class=\"row row-collapse row-full-width\"  id=\"row-320402321\">\n\n\n\t<div id=\"col-643123846\" class=\"col medium-4 small-12 large-4\"  >\n\t\t\t\t<div class=\"col-inner\"  >\n\t\t\t\n\t\t\t\n\n\n  <div class=\"banner has-hover\" id=\"banner-1234707444\">\n          <div class=\"banner-inner fill\">\n        <div class=\"banner-bg fill\" >\n                                                \n                    <\/div>\n\t\t\n        <div class=\"banner-layers container\">\n            <div class=\"fill banner-link\"><\/div>            \n\n   <div id=\"text-box-1402915242\" class=\"text-box banner-layer x10 md-x10 lg-x10 y50 md-y50 lg-y50 res-text\">\n                                <div class=\"text-box-content text \">\n              \n              <div class=\"text-inner text-left\">\n                  \n\n<h2 class=\"uppercase\"><strong>ACELERADOR DE ECOMMERCE<\/strong><\/h2>\n<h3 class=\"uppercase\">Quer vender mais pelo ecommerce? Criamos campanhas que convertem com o foco em receita (ROAS) mas principalmente no lucro (POAS). Ideal para ecommerces de moda, vestur\u00e1rio, cuidados pessoais, eletr\u00f4nicos e equipamentos de marcas que querem escalar e decolar no ecommerce!  <\/h3>\n<div class=\"text-center\"><div class=\"is-divider divider clearfix\" style=\"margin-top:0px;margin-bottom:0px;max-width:0px;height:10px;\"><\/div><\/div>\n\n<h3 class=\"alt-font\" style=\"text-align: center;\"><span style=\"font-size: 150%; color: #ffffff;\">a patir de \u00a3125\/semana<\/span><\/h3>\n<div class=\"text-center\"><div class=\"is-divider divider clearfix\" style=\"margin-top:0px;margin-bottom:0px;max-width:0px;height:10px;\"><\/div><\/div>\n\n<a href=\"https:\/\/api.whatsapp.com\/send\/?phone=447925040306&#038;text=Hi%2C+can%20we%20talk%20about%20ecomm%20campaigns%3F&#038;type=phone_number&#038;app_absent=0\" class=\"button white is-larger\"  style=\"border-radius:80px;\">\n\t\t<span>Fale com um especialista!<\/span>\n\t<i class=\"icon-whatsapp\" aria-hidden=\"true\" ><\/i><\/a>\n\n\n\n              <\/div>\n           <\/div>\n                            \n<style>\n#text-box-1402915242 {\n  width: 74%;\n}\n#text-box-1402915242 .text-box-content {\n  font-size: 100%;\n}\n@media (min-width:550px) {\n  #text-box-1402915242 {\n    width: 90%;\n  }\n}\n<\/style>\n    <\/div>\n \n\n        <\/div>\n      <\/div>\n\n            \n<style>\n#banner-1234707444 {\n  padding-top: 470px;\n  background-color: rgb(51, 149, 246);\n}\n<\/style>\n  <\/div>\n\n\n\n\t\t<\/div>\n\t\t\t\t\t<\/div>\n\n\t\n\n\t<div id=\"col-1393882979\" class=\"col medium-4 small-12 large-4\"  >\n\t\t\t\t<div class=\"col-inner\"  >\n\t\t\t\n\t\t\t\n\n\n  <div class=\"banner has-hover\" id=\"banner-1207998338\">\n          <div class=\"banner-inner fill\">\n        <div class=\"banner-bg fill\" >\n                                                \n                    <\/div>\n\t\t\n        <div class=\"banner-layers container\">\n            <div class=\"fill banner-link\"><\/div>            \n\n   <div id=\"text-box-1778467060\" class=\"text-box banner-layer x10 md-x10 lg-x10 y50 md-y50 lg-y50 res-text\">\n                                <div class=\"text-box-content text \">\n              \n              <div class=\"text-inner text-left\">\n                  \n\n<h2 class=\"uppercase\"><strong>ACELERADOR DE LEADS<\/strong><\/h2>\n<h3>Precisa de mais clientes pedindo or\u00e7amento de seus servi\u00e7os?<br>Criamos campanhas de gera\u00e7\u00e3o de leads focadas no p\u00fablico certo, que atrair\u00e3o clientes qualificados todos os dias! Ideal para empresas prestadoras de servi\u00e7os de todos os tipos (limpeza, sa\u00fade, seguros, im\u00f3veis, escrit\u00f3rios).<\/h3>\n<h3>Aumente sua base de clientes hoje!<\/h3>\n<div class=\"text-center\"><div class=\"is-divider divider clearfix\" style=\"margin-top:0px;margin-bottom:0px;max-width:0px;height:10px;\"><\/div><\/div>\n\n<h3 class=\"alt-font\" style=\"text-align: center;\"><span style=\"font-size: 150%; color: #ffffff;\">a patir de \u00a3125\/semana<\/span><\/h3>\n<div class=\"text-center\"><div class=\"is-divider divider clearfix\" style=\"margin-top:0px;margin-bottom:0px;max-width:0px;height:10px;\"><\/div><\/div>\n\n<a href=\"https:\/\/api.whatsapp.com\/send\/?phone=447925040306&#038;text=Hi%2C+can%20we%20talk%20about%20lead%20gen%20campaigns%3F&#038;type=phone_number&#038;app_absent=0\" class=\"button white is-larger\"  style=\"border-radius:80px;\">\n\t\t<span>Fale com um humano!<\/span>\n\t<i class=\"icon-whatsapp\" aria-hidden=\"true\" ><\/i><\/a>\n\n\n\n              <\/div>\n           <\/div>\n                            \n<style>\n#text-box-1778467060 {\n  width: 74%;\n}\n#text-box-1778467060 .text-box-content {\n  font-size: 100%;\n}\n@media (min-width:550px) {\n  #text-box-1778467060 {\n    width: 90%;\n  }\n}\n<\/style>\n    <\/div>\n \n\n        <\/div>\n      <\/div>\n\n            \n<style>\n#banner-1207998338 {\n  padding-top: 470px;\n  background-color: rgb(1, 87, 52);\n}\n<\/style>\n  <\/div>\n\n\n\n\t\t<\/div>\n\t\t\t\t\t<\/div>\n\n\t\n\n\t<div id=\"col-2115249108\" class=\"col medium-4 small-12 large-4\"  >\n\t\t\t\t<div class=\"col-inner\"  >\n\t\t\t\n\t\t\t\n\n\n  <div class=\"banner has-hover\" id=\"banner-44263547\">\n          <div class=\"banner-inner fill\">\n        <div class=\"banner-bg fill\" >\n                                                \n                    <\/div>\n\t\t\n        <div class=\"banner-layers container\">\n            <div class=\"fill banner-link\"><\/div>            \n\n   <div id=\"text-box-1322281821\" class=\"text-box banner-layer x10 md-x10 lg-x10 y50 md-y50 lg-y50 res-text\">\n                                <div class=\"text-box-content text \">\n              \n              <div class=\"text-inner text-left\">\n                  \n\n<h2 class=\"uppercase\"><strong>ACELERADOR DE SEO<\/strong><\/h2>\n<h3 class=\"uppercase\">Precisa de mais tr\u00e1fego org\u00e2nico em seu site? Melhoramos seu posicionamento no Google e demais buscadores usando t\u00e9cnicas de SEO que realmente funcionam e trazem mais tr\u00e1fego org\u00e2nico, clientes e visibilidade para sua marca! Encontre novos clientes e permane\u00e7a por muito tempo no rank dos buscadores! <\/h3>\n<div class=\"text-center\"><div class=\"is-divider divider clearfix\" style=\"margin-top:0px;margin-bottom:0px;max-width:0px;height:10px;\"><\/div><\/div>\n\n<h3 class=\"alt-font\" style=\"text-align: center;\"><span style=\"font-size: 150%; color: #ffffff;\">a partir de \u00a3150\/semana<\/span><\/h3>\n<div class=\"text-center\"><div class=\"is-divider divider clearfix\" style=\"margin-top:0px;margin-bottom:0px;max-width:0px;height:10px;\"><\/div><\/div>\n\n<a href=\"https:\/\/api.whatsapp.com\/send\/?phone=447925040306&#038;text=Hi%2C+can%20we%20talk%20about%20SEO%3F&#038;type=phone_number&#038;app_absent=0\" class=\"button white is-larger\"  style=\"border-radius:80px;\">\n\t\t<span>Fale com nosso time!<\/span>\n\t<i class=\"icon-whatsapp\" aria-hidden=\"true\" ><\/i><\/a>\n\n\n\n              <\/div>\n           <\/div>\n                            \n<style>\n#text-box-1322281821 {\n  width: 74%;\n}\n#text-box-1322281821 .text-box-content {\n  font-size: 100%;\n}\n@media (min-width:550px) {\n  #text-box-1322281821 {\n    width: 90%;\n  }\n}\n<\/style>\n    <\/div>\n \n\n        <\/div>\n      <\/div>\n\n            \n<style>\n#banner-44263547 {\n  padding-top: 470px;\n  background-color: rgb(232, 72, 72);\n}\n<\/style>\n  <\/div>\n\n\n\n\t\t<\/div>\n\t\t\t\t\t<\/div>\n\n\t\n\n<\/div>\n<span class=\"scroll-to\" data-label=\"Scroll to: #about-us\" data-bullet=\"false\" data-link=\"#about-us\" data-title=\"about-us\" ><a name=\"about-us\"><\/a><\/span>\n\n\n  <div class=\"banner has-hover\" id=\"banner-433097523\">\n          <div class=\"banner-inner fill\">\n        <div class=\"banner-bg fill\" >\n            <img loading=\"lazy\" decoding=\"async\" width=\"1000\" height=\"650\" src=\"https:\/\/digitalpoke.co.uk\/wp-content\/uploads\/2016\/08\/dummy-2.jpg\" class=\"bg attachment-large size-large\" alt=\"\" \/>                        <div class=\"overlay\"><\/div>            \n                    <\/div>\n\t\t\n        <div class=\"banner-layers container\">\n            <div class=\"fill banner-link\"><\/div>            \n\n   <div id=\"text-box-14247101\" class=\"text-box banner-layer x50 md-x50 lg-x50 y50 md-y50 lg-y50 res-text\">\n              <div data-parallax=\"2\" data-parallax-fade=\"true\">                  <div class=\"text-box-content text dark\">\n              \n              <div class=\"text-inner text-center\">\n                  \n\n<h3 class=\"uppercase\"><strong>QUEM SOMOS?<\/strong><\/h3>\n\n              <\/div>\n           <\/div>\n              <\/div>              \n<style>\n#text-box-14247101 {\n  width: 93%;\n}\n#text-box-14247101 .text-box-content {\n  font-size: 100%;\n}\n@media (min-width:550px) {\n  #text-box-14247101 {\n    width: 60%;\n  }\n}\n<\/style>\n    <\/div>\n \n\n        <\/div>\n      <\/div>\n\n            \n<style>\n#banner-433097523 {\n  padding-top: 75px;\n}\n#banner-433097523 .overlay {\n  background-color: rgba(0, 0, 0, 0.63);\n}\n<\/style>\n  <\/div>\n\n\n<div class=\"row row-collapse row-full-width\"  id=\"row-601095147\">\n\n\n\t<div id=\"col-2019052712\" class=\"col medium-6 small-12 large-6\"  >\n\t\t\t\t<div class=\"col-inner\"  >\n\t\t\t\n\t\t\t\n\n\n  <div class=\"banner has-hover\" id=\"banner-659285992\">\n          <div class=\"banner-inner fill\">\n        <div class=\"banner-bg fill\" >\n                                                \n                    <\/div>\n\t\t\n        <div class=\"banner-layers container\">\n            <div class=\"fill banner-link\"><\/div>            \n\n\t<div class=\"img has-hover x50 md-x50 lg-x50 y50 md-y50 lg-y50\" id=\"image_221681359\">\n\t\t\t\t\t\t\t\t<div class=\"img-inner dark\" >\n\t\t\t<img loading=\"lazy\" decoding=\"async\" width=\"1000\" height=\"1000\" src=\"https:\/\/digitalpoke.co.uk\/wp-content\/uploads\/2025\/05\/digital-poke-1000x1000-square.png\" class=\"attachment-original size-original\" alt=\"\" srcset=\"https:\/\/digitalpoke.co.uk\/wp-content\/uploads\/2025\/05\/digital-poke-1000x1000-square.png 1000w, https:\/\/digitalpoke.co.uk\/wp-content\/uploads\/2025\/05\/digital-poke-1000x1000-square-400x400.png 400w, https:\/\/digitalpoke.co.uk\/wp-content\/uploads\/2025\/05\/digital-poke-1000x1000-square-800x800.png 800w, https:\/\/digitalpoke.co.uk\/wp-content\/uploads\/2025\/05\/digital-poke-1000x1000-square-280x280.png 280w, https:\/\/digitalpoke.co.uk\/wp-content\/uploads\/2025\/05\/digital-poke-1000x1000-square-768x768.png 768w\" sizes=\"auto, (max-width: 1000px) 100vw, 1000px\" \/>\t\t\t\t\t\t\n\t\t\t\t\t<\/div>\n\t\t\t\t\t\t\t\t\n<style>\n#image_221681359 {\n  width: 100%;\n}\n<\/style>\n\t<\/div>\n\t\n\n\n        <\/div>\n      <\/div>\n\n            \n<style>\n#banner-659285992 {\n  padding-top: 470px;\n  background-color: rgb(22, 31, 44);\n}\n<\/style>\n  <\/div>\n\n\n\n\t\t<\/div>\n\t\t\t\t\t<\/div>\n\n\t\n\n\t<div id=\"col-983491951\" class=\"col medium-6 small-12 large-6\"  >\n\t\t\t\t<div class=\"col-inner\"  >\n\t\t\t\n\t\t\t\n\n\n  <div class=\"banner has-hover\" id=\"banner-152538092\">\n          <div class=\"banner-inner fill\">\n        <div class=\"banner-bg fill\" >\n                                                \n                    <\/div>\n\t\t\n        <div class=\"banner-layers container\">\n            <div class=\"fill banner-link\"><\/div>            \n\n   <div id=\"text-box-359648784\" class=\"text-box banner-layer x10 md-x10 lg-x10 y50 md-y50 lg-y50 res-text\">\n                                <div class=\"text-box-content text \">\n              \n              <div class=\"text-inner text-left\">\n                  \n\n<h2 class=\"uppercase\"><strong>Oi, somos a Digital Poke!<\/strong><\/h2>\n<h4><span style=\"font-size: 100%;\">A Digital Poke \u00e9 uma ag\u00eancia digital focada em performance com mais de 15 anos de experi\u00eancia. J\u00e1 gerenciamos projetos em diversos pa\u00edses e setores, atendendo desde startups at\u00e9 grandes marcas. Nosso time possui profundo conhecimento em m\u00eddia paga, otimiza\u00e7\u00e3o e an\u00e1lise de dados \u2014 sempre buscando ROAS e POAS positivos, o menor CPL e resultados escal\u00e1veis. Somos especializados em plataformas de e-commerce como Shopify, Magento e WooCommerce, com integra\u00e7\u00e3o completa ao GA4 para decis\u00f5es orientadas por dados.   <\/span><\/h4>\n<h4><strong><em><span class=\"_fadeIn_m1hgl_8\">Vamos <\/span><span class=\"_fadeIn_m1hgl_8\">aumentar <\/span><span class=\"_fadeIn_m1hgl_8\">suas <\/span><span class=\"_fadeIn_m1hgl_8\">vendas <\/span><span class=\"_fadeIn_m1hgl_8\">? <\/span><span class=\"_fadeIn_m1hgl_8\">Comece <\/span><span class=\"_fadeIn_m1hgl_8\">agora!<\/span><\/em><\/strong><\/h4>\n<div class=\"text-center\"><div class=\"is-divider divider clearfix\" style=\"margin-top:0px;margin-bottom:0px;max-width:0px;height:10px;\"><\/div><\/div>\n\n<div class=\"text-center\"><div class=\"is-divider divider clearfix\" style=\"margin-top:0px;margin-bottom:0px;max-width:0px;height:10px;\"><\/div><\/div>\n\n<a href=\"https:\/\/api.whatsapp.com\/send\/?phone=447925040306&#038;text=Hi%2C+can%20we%20talk%20about%20business%3F&#038;type=phone_number&#038;app_absent=0\" target=\"_blank\" class=\"button white is-larger\" rel=\"noopener\"  style=\"border-radius:99px;\">\n\t\t<span>Fale conosco!<\/span>\n\t<i class=\"icon-whatsapp\" aria-hidden=\"true\" ><\/i><\/a>\n\n\n\n              <\/div>\n           <\/div>\n                            \n<style>\n#text-box-359648784 {\n  width: 74%;\n}\n#text-box-359648784 .text-box-content {\n  font-size: 100%;\n}\n@media (min-width:550px) {\n  #text-box-359648784 {\n    width: 87%;\n  }\n}\n<\/style>\n    <\/div>\n \n\n        <\/div>\n      <\/div>\n\n            \n<style>\n#banner-152538092 {\n  padding-top: 470px;\n  background-color: rgb(22, 31, 44);\n}\n<\/style>\n  <\/div>\n\n\n\n\t\t<\/div>\n\t\t\t\t\t<\/div>\n\n\t\n\n<\/div>\n<span class=\"scroll-to\" data-label=\"Scroll to: #talk-to-us\" data-bullet=\"false\" data-link=\"#talk-to-us\" data-title=\"talk-to-us\" ><a name=\"talk-to-us\"><\/a><\/span>\n\n<div class=\"message-box relative dark\" style=\"padding-top:15px;padding-bottom:15px;\"><div class=\"message-box-bg-image bg-fill fill\" ><\/div><div class=\"message-box-bg-overlay bg-fill fill\" ><\/div><div class=\"container relative\"><div class=\"inner last-reset\">\n\n<div class=\"row align-middle align-center\"  id=\"row-827204408\">\n\n\n\t<div id=\"col-500617469\" class=\"col medium-7 small-12 large-7\"  >\n\t\t\t\t<div class=\"col-inner\"  >\n\t\t\t\n\t\t\t\n\n<h2 class=\"uppercase\"><span class=\"_fadeIn_m1hgl_8\">Receba <\/span><span class=\"_fadeIn_m1hgl_8\">uma <\/span><span class=\"_fadeIn_m1hgl_8\">Proposta <\/span><span class=\"_fadeIn_m1hgl_8\">Hoje!<\/span><\/h2>\n<p><span class=\"_fadeIn_m1hgl_8\">Pronto para <\/span><span class=\"_fadeIn_m1hgl_8\">para <\/span><span class=\"_fadeIn_m1hgl_8\">escalar <\/span><span class=\"_fadeIn_m1hgl_8\">com <\/span><span class=\"_fadeIn_m1hgl_8\">melhor <\/span><span class=\"_fadeIn_m1hgl_8\">marketing<\/span><span class=\"_fadeIn_m1hgl_8\"> digital? <\/span><span class=\"_fadeIn_m1hgl_8\">N\u00f3s <\/span><span class=\"_fadeIn_m1hgl_8\">podemos <\/span><span class=\"_fadeIn_m1hgl_8\">ajudar!<\/span><\/p>\n\n\t\t<\/div>\n\t\t\t\t\t<\/div>\n\n\t\n\n\t<div id=\"col-158040653\" class=\"col medium-5 small-12 large-5\"  >\n\t\t\t\t<div class=\"col-inner text-center\"  >\n\t\t\t\n\t\t\t\n\n<a data-animate=\"flipInY\" href=\"https:\/\/api.whatsapp.com\/send\/?phone=447925040306&#038;text=Hi%2C+can%20I%20get%20a%20proposal%3F&#038;type=phone_number&#038;app_absent=0\" target=\"_blank\" class=\"button white is-outline is-larger\" rel=\"noopener\"  >\n\t\t<span>Fale conosco!<\/span>\n\t<\/a>\n\n\n\n\t\t<\/div>\n\t\t\t\t\t<\/div>\n\n\t\n\n<\/div>\n\n<\/div><\/div><\/div>\n\n","protected":false},"excerpt":{"rendered":"","protected":false},"author":1,"featured_media":300,"parent":0,"menu_order":3,"comment_status":"closed","ping_status":"closed","template":"page-blank.php","meta":{"footnotes":""},"class_list":["post-314","page","type-page","status-publish","has-post-thumbnail","hentry"],"_links":{"self":[{"href":"https:\/\/digitalpoke.co.uk\/pt-br\/wp-json\/wp\/v2\/pages\/314","targetHints":{"allow":["GET"]}}],"collection":[{"href":"https:\/\/digitalpoke.co.uk\/pt-br\/wp-json\/wp\/v2\/pages"}],"about":[{"href":"https:\/\/digitalpoke.co.uk\/pt-br\/wp-json\/wp\/v2\/types\/page"}],"author":[{"embeddable":true,"href":"https:\/\/digitalpoke.co.uk\/pt-br\/wp-json\/wp\/v2\/users\/1"}],"replies":[{"embeddable":true,"href":"https:\/\/digitalpoke.co.uk\/pt-br\/wp-json\/wp\/v2\/comments?post=314"}],"version-history":[{"count":4,"href":"https:\/\/digitalpoke.co.uk\/pt-br\/wp-json\/wp\/v2\/pages\/314\/revisions"}],"predecessor-version":[{"id":331,"href":"https:\/\/digitalpoke.co.uk\/pt-br\/wp-json\/wp\/v2\/pages\/314\/revisions\/331"}],"wp:featuredmedia":[{"embeddable":true,"href":"https:\/\/digitalpoke.co.uk\/pt-br\/wp-json\/wp\/v2\/media\/300"}],"wp:attachment":[{"href":"https:\/\/digitalpoke.co.uk\/pt-br\/wp-json\/wp\/v2\/media?parent=314"}],"curies":[{"name":"wp","href":"https:\/\/api.w.org\/{rel}","templated":true}]}}